{"id":6858,"date":"2020-03-03T09:03:15","date_gmt":"2020-03-03T08:03:15","guid":{"rendered":"http:\/\/aircab.paris\/my-account\/"},"modified":"2024-08-07T13:03:15","modified_gmt":"2024-08-07T11:03:15","slug":"my-account","status":"publish","type":"page","link":"https:\/\/www.aircab.paris\/en\/home\/my-account\/","title":{"rendered":"My account"},"content":{"rendered":"\t\t<div data-elementor-type=\"wp-post\" data-elementor-id=\"6858\" class=\"elementor elementor-6858 elementor-300\" data-elementor-post-type=\"page\">\n\t\t\t\t<div class=\"elementor-element elementor-element-7240185 e-con-full e-flex e-con e-parent\" data-id=\"7240185\" data-element_type=\"container\" data-e-type=\"container\">\n\t\t<div class=\"elementor-element elementor-element-901f055 e-con-full e-flex e-con e-child\" data-id=\"901f055\" data-element_type=\"container\" data-e-type=\"container\">\n\t\t\t\t<div class=\"elementor-element elementor-element-5259abc elementor-widget elementor-widget-spacer\" data-id=\"5259abc\" data-element_type=\"widget\" data-e-type=\"widget\" data-widget_type=\"spacer.default\">\n\t\t\t\t<div class=\"elementor-widget-container\">\n\t\t\t\t\t\t\t<div class=\"elementor-spacer\">\n\t\t\t<div class=\"elementor-spacer-inner\"><\/div>\n\t\t<\/div>\n\t\t\t\t\t\t<\/div>\n\t\t\t\t<\/div>\n\t\t\t\t<div class=\"elementor-element elementor-element-526a771 e-my-account-tabs-horizontal elementor-widget elementor-widget-woocommerce-my-account\" data-id=\"526a771\" data-element_type=\"widget\" data-e-type=\"widget\" data-widget_type=\"woocommerce-my-account.default\">\n\t\t\t\t<div class=\"elementor-widget-container\">\n\t\t\t\t\t<div class=\"e-my-account-tab e-my-account-tab__ \">\t\t\t<div class=\"woocommerce\"><div class=\"woocommerce-notices-wrapper\"><\/div>\n\n\t\t<h2>Login<\/h2>\n\n\t\t<form class=\"woocommerce-form woocommerce-form-login login\" method=\"post\" novalidate>\n\n\t\t\t        <script type=\"text\/javascript\">\n\n            var perfEntries = performance.getEntriesByType(\"navigation\");\n\n            if (perfEntries[0].type === \"back_forward\") {\n                location.reload(true);\n            }\n            function HandlePopupResult(result) {\n                window.location = \"https:\/\/www.aircab.paris\";\n            }\n            function moOpenIdLogin(app_name,is_custom_app) {\n                var current_url = window.location.href;\n                var cookie_name = \"redirect_current_url\";\n                var d = new Date();\n                d.setTime(d.getTime() + (2 * 24 * 60 * 60 * 1000));\n                var expires = \"expires=\"+d.toUTCString();\n                document.cookie = cookie_name + \"=\" + current_url + \";\" + expires + \";path=\/\";\n\n                                var base_url = 'https:\/\/www.aircab.paris';\n                var request_uri = '\/en\/wp-json\/wp\/v2\/pages\/6858';\n                var http = 'https:\/\/';\n                var http_host = 'www.aircab.paris';\n                var default_nonce = '5ebee789f7';\n                var custom_nonce = '66f4cb3af8';\n\n                if(is_custom_app == 'false'){\n                    if ( request_uri.indexOf('wp-login.php') !=-1){\n                        var redirect_url = base_url + '\/?option=getmosociallogin&wp_nonce=' + default_nonce + '&app_name=';\n\n                    }else {\n                        var redirect_url = http + http_host + request_uri;\n                        if(redirect_url.indexOf('?') != -1){\n                            redirect_url = redirect_url +'&option=getmosociallogin&wp_nonce=' + default_nonce + '&app_name=';\n                        }\n                        else\n                        {\n                            redirect_url = redirect_url +'?option=getmosociallogin&wp_nonce=' + default_nonce + '&app_name=';\n                        }\n                    }\n                }\n                else {\n                    if ( request_uri.indexOf('wp-login.php') !=-1){\n                        var redirect_url = base_url + '\/?option=oauthredirect&wp_nonce=' + custom_nonce + '&app_name=';\n\n\n                    }else {\n                        var redirect_url = http + http_host + request_uri;\n                        if(redirect_url.indexOf('?') != -1)\n                            redirect_url = redirect_url +'&option=oauthredirect&wp_nonce=' + custom_nonce + '&app_name=';\n                        else\n                            redirect_url = redirect_url +'?option=oauthredirect&wp_nonce=' + custom_nonce + '&app_name=';\n                    }\n\n                }\n                window.location.href = redirect_url + app_name;\n            }\n        <\/script>\n        <div class='mo-openid-app-icons'>\n\t\t\t\t\t <p style='color:000000; width: fit-content;'> Se connecter avec<\/p><a class='login-button' rel='nofollow' title= ' Login with Facebook' onClick=\"moOpenIdLogin('facebook','true');\"><img decoding=\"async\" alt=\"Facebook\" style=\"width:40px !important;height: 40px !important;margin-left: 14px !important\" src=\"https:\/\/www.aircab.paris\/wp-content\/plugins\/ecommerce-social-login-social-sharing-by-miniorange\/includes\/images\/icons\/facebook.png\" class=\"login-button circle\" title=\"\"><\/a><a class='login-button' rel='nofollow' onClick=\"moOpenIdLogin('google','true');\" title= ' Login with Google'><img decoding=\"async\" alt=\"Google\" style=\"width:40px !important;height: 40px !important;margin-left: 14px !important\" src=\"https:\/\/www.aircab.paris\/wp-content\/plugins\/ecommerce-social-login-social-sharing-by-miniorange\/includes\/images\/icons\/google.png\" class=\"login-button circle\" title=\"\"><\/a><a class='login-button' rel='nofollow' title= ' Login with LinkedIn' onClick=\"moOpenIdLogin('linkedin','false');\" ><img decoding=\"async\" alt=\"LinkedIn\" style=\"width:40px !important;height: 40px !important;margin-left: 14px !important\" src=\"https:\/\/www.aircab.paris\/wp-content\/plugins\/ecommerce-social-login-social-sharing-by-miniorange\/includes\/images\/icons\/linkedin.png\" class=\"login-button circle\" title=\"\"><\/a><a class='login-button' rel='nofollow' title= ' Login with Amazon' onClick=\"moOpenIdLogin('amazon','false');\" ><img decoding=\"async\" alt=\"Amazon\" style=\"width:40px !important;height: 40px !important;margin-left: 14px !important\" src=\"https:\/\/www.aircab.paris\/wp-content\/plugins\/ecommerce-social-login-social-sharing-by-miniorange\/includes\/images\/icons\/amazon.png\" class=\"login-button circle\" title=\"\"><\/a><\/div> <br><br\/>\n\t\t\t<p class=\"woocommerce-form-row woocommerce-form-row--wide form-row form-row-wide\">\n\t\t\t\t<label for=\"username\">Username or email address&nbsp;<span class=\"required\" aria-hidden=\"true\">*<\/span><span class=\"screen-reader-text\">Required<\/span><\/label>\n\t\t\t\t<input type=\"text\" class=\"woocommerce-Input woocommerce-Input--text input-text\" name=\"username\" id=\"username\" autocomplete=\"username\" value=\"\" required aria-required=\"true\" \/>\t\t\t<\/p>\n\t\t\t<p class=\"woocommerce-form-row woocommerce-form-row--wide form-row form-row-wide\">\n\t\t\t\t<label for=\"password\">Password&nbsp;<span class=\"required\" aria-hidden=\"true\">*<\/span><span class=\"screen-reader-text\">Required<\/span><\/label>\n\t\t\t\t<input class=\"woocommerce-Input woocommerce-Input--text input-text\" type=\"password\" name=\"password\" id=\"password\" autocomplete=\"current-password\" required aria-required=\"true\" \/>\n\t\t\t<\/p>\n\n\t\t\t\n\t\t\t<p class=\"form-row\">\n\t\t\t\t<label class=\"woocommerce-form__label woocommerce-form__label-for-checkbox woocommerce-form-login__rememberme\">\n\t\t\t\t\t<input class=\"woocommerce-form__input woocommerce-form__input-checkbox\" name=\"rememberme\" type=\"checkbox\" id=\"rememberme\" value=\"forever\" \/> <span>Remember me<\/span>\n\t\t\t\t<\/label>\n\t\t\t\t<input type=\"hidden\" id=\"woocommerce-login-nonce\" name=\"woocommerce-login-nonce\" value=\"bffc6accb0\" \/><input type=\"hidden\" name=\"_wp_http_referer\" value=\"\/en\/wp-json\/wp\/v2\/pages\/6858\" \/>\t\t\t\t<button type=\"submit\" class=\"woocommerce-button button woocommerce-form-login__submit\" name=\"login\" value=\"Log in\">Log in<\/button>\n\t\t\t<\/p>\n\t\t\t<p class=\"woocommerce-LostPassword lost_password\">\n\t\t\t\t<a href=\"https:\/\/www.aircab.paris\/en\/home\/my-account\/lost-password\/\">Lost your password?<\/a>\n\t\t\t<\/p>\n\n\t\t\t\n\t\t<\/form>\n\n\n<\/div>\t\t<\/div>\n\t\t\t\t\t\t<\/div>\n\t\t\t\t<\/div>\n\t\t\t\t<div class=\"elementor-element elementor-element-eec4ce1 elementor-widget elementor-widget-spacer\" data-id=\"eec4ce1\" data-element_type=\"widget\" data-e-type=\"widget\" data-widget_type=\"spacer.default\">\n\t\t\t\t<div class=\"elementor-widget-container\">\n\t\t\t\t\t\t\t<div class=\"elementor-spacer\">\n\t\t\t<div class=\"elementor-spacer-inner\"><\/div>\n\t\t<\/div>\n\t\t\t\t\t\t<\/div>\n\t\t\t\t<\/div>\n\t\t\t\t<\/div>\n\t\t\t\t<\/div>\n\t\t\t\t<\/div>\n\t\t","protected":false},"excerpt":{"rendered":"<p>Dashboard Orders Addresses Account details Disconnect Dashboard Orders Addresses Account details Disconnect Bonjour AirCab (vous n\u2019\u00eates pas AirCab\u00a0? D\u00e9connexion) \u00c0 partir du tableau de bord de votre compte, vous pouvez visualiser vos commandes r\u00e9centes, g\u00e9rer vos adresses de facturation ainsi que changer votre mot de passe et les d\u00e9tails de votre compte.<\/p>\n","protected":false},"author":2,"featured_media":0,"parent":6429,"menu_order":0,"comment_status":"closed","ping_status":"closed","template":"elementor_header_footer","meta":{"site-sidebar-layout":"default","site-content-layout":"default","ast-site-content-layout":"default","site-content-style":"default","site-sidebar-style":"default","ast-global-header-display":"","ast-banner-title-visibility":"","ast-main-header-display":"","ast-hfb-above-header-display":"","ast-hfb-below-header-display":"","ast-hfb-mobile-header-display":"","site-post-title":"","ast-breadcrumbs-content":"","ast-featured-img":"","footer-sml-layout":"","ast-disable-related-posts":"","theme-transparent-header-meta":"default","adv-header-id-meta":"","stick-header-meta":"default","header-above-stick-meta":"","header-main-stick-meta":"","header-below-stick-meta":"","astra-migrate-meta-layouts":"set","ast-page-background-enabled":"default","ast-page-background-meta":{"desktop":{"background-color":"","background-image":"","background-repeat":"repeat","background-position":"center center","background-size":"auto","background-attachment":"scroll","background-type":"","background-media":"","overlay-type":"","overlay-color":"","overlay-opacity":"","overlay-gradient":""},"tablet":{"background-color":"","background-image":"","background-repeat":"repeat","background-position":"center center","background-size":"auto","background-attachment":"scroll","background-type":"","background-media":"","overlay-type":"","overlay-color":"","overlay-opacity":"","overlay-gradient":""},"mobile":{"background-color":"","background-image":"","background-repeat":"repeat","background-position":"center center","background-size":"auto","background-attachment":"scroll","background-type":"","background-media":"","overlay-type":"","overlay-color":"","overlay-opacity":"","overlay-gradient":""}},"ast-content-background-meta":{"desktop":{"background-color":"var(--ast-global-color-5)","background-image":"","background-repeat":"repeat","background-position":"center center","background-size":"auto","background-attachment":"scroll","background-type":"","background-media":"","overlay-type":"","overlay-color":"","overlay-opacity":"","overlay-gradient":""},"tablet":{"background-color":"var(--ast-global-color-5)","background-image":"","background-repeat":"repeat","background-position":"center center","background-size":"auto","background-attachment":"scroll","background-type":"","background-media":"","overlay-type":"","overlay-color":"","overlay-opacity":"","overlay-gradient":""},"mobile":{"background-color":"var(--ast-global-color-5)","background-image":"","background-repeat":"repeat","background-position":"center center","background-size":"auto","background-attachment":"scroll","background-type":"","background-media":"","overlay-type":"","overlay-color":"","overlay-opacity":"","overlay-gradient":""}},"footnotes":""},"wf_page_folders":[],"class_list":["post-6858","page","type-page","status-publish","hentry"],"_links":{"self":[{"href":"https:\/\/www.aircab.paris\/en\/wp-json\/wp\/v2\/pages\/6858","targetHints":{"allow":["GET"]}}],"collection":[{"href":"https:\/\/www.aircab.paris\/en\/wp-json\/wp\/v2\/pages"}],"about":[{"href":"https:\/\/www.aircab.paris\/en\/wp-json\/wp\/v2\/types\/page"}],"author":[{"embeddable":true,"href":"https:\/\/www.aircab.paris\/en\/wp-json\/wp\/v2\/users\/2"}],"replies":[{"embeddable":true,"href":"https:\/\/www.aircab.paris\/en\/wp-json\/wp\/v2\/comments?post=6858"}],"version-history":[{"count":0,"href":"https:\/\/www.aircab.paris\/en\/wp-json\/wp\/v2\/pages\/6858\/revisions"}],"up":[{"embeddable":true,"href":"https:\/\/www.aircab.paris\/en\/wp-json\/wp\/v2\/pages\/6429"}],"wp:attachment":[{"href":"https:\/\/www.aircab.paris\/en\/wp-json\/wp\/v2\/media?parent=6858"}],"wp:term":[{"taxonomy":"wf_page_folders","embeddable":true,"href":"https:\/\/www.aircab.paris\/en\/wp-json\/wp\/v2\/wf_page_folders?post=6858"}],"curies":[{"name":"wp","href":"https:\/\/api.w.org\/{rel}","templated":true}]}}