{"id":3,"date":"2018-10-06T10:10:12","date_gmt":"2018-10-06T08:10:12","guid":{"rendered":"http:\/\/aircab.paris\/?page_id=3"},"modified":"2024-09-14T22:30:41","modified_gmt":"2024-09-14T20:30:41","slug":"notre-politique-de-confidentialite-aircab","status":"publish","type":"page","link":"https:\/\/www.aircab.paris\/notre-politique-de-confidentialite\/","title":{"rendered":"R\u00e9servez votre Chauffeur\u00a0Priv\u00e9 &#8211; Paris &#8211; \u00cele de France &#8211; Notre Politique de confidentialit\u00e9 &#8211; AirCab"},"content":{"rendered":"\t\t<div data-elementor-type=\"wp-page\" data-elementor-id=\"3\" class=\"elementor elementor-3\" data-elementor-post-type=\"page\">\n\t\t\t\t\t\t<section class=\"elementor-section elementor-top-section elementor-element elementor-element-3703e1b elementor-section-boxed elementor-section-height-default elementor-section-height-default\" data-id=\"3703e1b\" data-element_type=\"section\" data-e-type=\"section\">\n\t\t\t\t\t\t<div class=\"elementor-container elementor-column-gap-default\">\n\t\t\t\t\t<div class=\"elementor-column elementor-col-100 elementor-top-column elementor-element elementor-element-5d81fc7\" data-id=\"5d81fc7\" data-element_type=\"column\" data-e-type=\"column\">\n\t\t\t<div class=\"elementor-widget-wrap elementor-element-populated\">\n\t\t\t\t\t\t<div class=\"elementor-element elementor-element-b36e85b elementor-widget elementor-widget-text-editor\" data-id=\"b36e85b\" data-element_type=\"widget\" data-e-type=\"widget\" data-widget_type=\"text-editor.default\">\n\t\t\t\t<div class=\"elementor-widget-container\">\n\t\t\t\t\t\t\t\t\t<p><span style=\"font-size: 24pt;\"><strong><span style=\"font-family: helvetica, arial, sans-serif;\">Politique de Confidentialit\u00e9<\/span><\/strong><\/span><\/p><p><span style=\"font-family: helvetica, arial, sans-serif;\">Derni\u00e8re mise \u00e0 jour le 14-Sep-2024<\/span><\/p><p><span style=\"font-family: helvetica, arial, sans-serif;\">Date d&#8217;entr\u00e9e en vigueur 14-Sep-2024<\/span><\/p><p class=\"privacy-policy-p\"><span style=\"font-family: helvetica, arial, sans-serif;\">Cette politique de confidentialit\u00e9 d\u00e9crit les politiques de<\/span><\/p><p><span style=\"font-family: helvetica, arial, sans-serif;\">AirCab SAS,<\/span><br \/><span style=\"font-family: helvetica, arial, sans-serif;\">229 rue Saint Honor\u00e9,<\/span><br \/><span style=\"font-family: helvetica, arial, sans-serif;\">Paris<\/span><br \/><span style=\"font-family: helvetica, arial, sans-serif;\">75001,<\/span><br \/><span style=\"font-family: helvetica, arial, sans-serif;\">France,<\/span><br \/><span style=\"font-family: helvetica, arial, sans-serif;\">email : contact@aircab.paris,<\/span><br \/><span style=\"font-family: helvetica, arial, sans-serif;\">t\u00e9l\u00e9phone : +33184607400<\/span><\/p><p><span style=\"font-family: helvetica, arial, sans-serif;\">concernant la collecte, l&#8217;utilisation et la divulgation de vos informations que nous recueillons lorsque vous utilisez notre site web ( https:\/\/www.aircab.paris ).<\/span><br \/><span style=\"font-family: helvetica, arial, sans-serif;\">(le \u00ab Service \u00bb). En acc\u00e9dant ou en utilisant le<\/span><br \/><span style=\"font-family: helvetica, arial, sans-serif;\">Service, vous consentez \u00e0 la collecte, \u00e0 l&#8217;utilisation et \u00e0 la divulgation de vos informations conform\u00e9ment \u00e0 cette Politique de Confidentialit\u00e9. Si vous ne consentez pas \u00e0 cela,<\/span><br \/><span style=\"font-family: helvetica, arial, sans-serif;\">veuillez ne pas acc\u00e9der ou utiliser le Service.<\/span><\/p><p class=\"privacy-policy-p\"><span style=\"font-family: helvetica, arial, sans-serif;\">Nous pouvons modifier cette politique de confidentialit\u00e9 \u00e0 tout moment sans<\/span><br \/><span style=\"font-family: helvetica, arial, sans-serif;\">vous en avertir au pr\u00e9alable et publierons la politique de confidentialit\u00e9 r\u00e9vis\u00e9e<\/span><br \/><span style=\"font-family: helvetica, arial, sans-serif;\">sur le Service. La politique r\u00e9vis\u00e9e entrera en vigueur 180 jours apr\u00e8s sa<\/span><br \/><span style=\"font-family: helvetica, arial, sans-serif;\">publication sur le Service, et votre acc\u00e8s continu ou utilisation du Service apr\u00e8s ce d\u00e9lai<\/span><br \/><span style=\"font-family: helvetica, arial, sans-serif;\">constituera votre acceptation de la politique de confidentialit\u00e9 r\u00e9vis\u00e9e. Nous vous recommandons donc de consulter p\u00e9riodiquement cette page.<\/span><\/p><ol class=\"privacy-policy-ol\"><li><h2 class=\"privacy-policy-h2\"><span style=\"font-family: helvetica, arial, sans-serif;\">Informations que nous collectons :<\/span><\/h2><p class=\"privacy-policy-p\"><span style=\"font-family: helvetica, arial, sans-serif;\">Nous collecterons et traiterons les informations personnelles suivantes vous concernant :<\/span><\/p><ol class=\"privacy-policy-ol\"><li><span style=\"font-family: helvetica, arial, sans-serif;\">Nom<\/span><\/li><li><span style=\"font-family: helvetica, arial, sans-serif;\">Email<\/span><\/li><li><span style=\"font-family: helvetica, arial, sans-serif;\">Profil de r\u00e9seaux sociaux<\/span><\/li><li><span style=\"font-family: helvetica, arial, sans-serif;\">Adresse<\/span><\/li><li><span style=\"font-family: helvetica, arial, sans-serif;\">Adresse professionnelle<\/span><\/li><\/ol><\/li><li><h2 class=\"privacy-policy-h2\"><span style=\"font-family: helvetica, arial, sans-serif;\">Comment nous utilisons vos informations :<\/span><\/h2><p class=\"privacy-policy-p\"><span style=\"font-family: helvetica, arial, sans-serif;\">Nous utiliserons les informations que nous recueillons \u00e0 votre sujet pour les finalit\u00e9s suivantes :<\/span><\/p><ol class=\"privacy-policy-ol\"><li><span style=\"font-family: helvetica, arial, sans-serif;\">Cr\u00e9ation de compte utilisateur<\/span><\/li><li><span style=\"font-family: helvetica, arial, sans-serif;\">T\u00e9moignages<\/span><\/li><li><span style=\"font-family: helvetica, arial, sans-serif;\">Application des CGU<\/span><\/li><li><span style=\"font-family: helvetica, arial, sans-serif;\">Traitement des paiements<\/span><\/li><li><span style=\"font-family: helvetica, arial, sans-serif;\">Support<\/span><\/li><li><span style=\"font-family: helvetica, arial, sans-serif;\">Informations administratives<\/span><\/li><li><span style=\"font-family: helvetica, arial, sans-serif;\">Gestion des commandes clients<\/span><\/li><li><span style=\"font-family: helvetica, arial, sans-serif;\">Protection du site<\/span><\/li><li><span style=\"font-family: helvetica, arial, sans-serif;\">R\u00e9solution des litiges<\/span><\/li><li><span style=\"font-family: helvetica, arial, sans-serif;\">Gestion des comptes utilisateurs<\/span><\/li><\/ol><p class=\"privacy-policy-p\"><span style=\"font-family: helvetica, arial, sans-serif;\">Si nous souhaitons utiliser vos informations pour toute autre finalit\u00e9,<\/span><br \/><span style=\"font-family: helvetica, arial, sans-serif;\">nous vous demanderons votre consentement et n&#8217;utiliserons vos informations<\/span><br \/><span style=\"font-family: helvetica, arial, sans-serif;\">qu&#8217;apr\u00e8s avoir obtenu votre consentement et uniquement pour la ou les finalit\u00e9s<\/span><br \/><span style=\"font-family: helvetica, arial, sans-serif;\">pour lesquelles vous avez donn\u00e9 votre consentement, sauf si la loi nous oblige \u00e0 faire autrement.<\/span><\/p><\/li><li><h2 class=\"privacy-policy-h2\"><span style=\"font-family: helvetica, arial, sans-serif;\">Conservation de vos informations :<\/span><\/h2><p class=\"privacy-policy-p\"><span style=\"font-family: helvetica, arial, sans-serif;\">Nous conserverons vos informations personnelles pendant<\/span><br \/><span style=\"font-family: helvetica, arial, sans-serif;\">une p\u00e9riode de 90 jours \u00e0 2 ans apr\u00e8s la r\u00e9siliation de votre compte,<\/span><br \/><span style=\"font-family: helvetica, arial, sans-serif;\">ou aussi longtemps que n\u00e9cessaire pour atteindre les objectifs pour<\/span><br \/><span style=\"font-family: helvetica, arial, sans-serif;\">lesquels elles ont \u00e9t\u00e9 collect\u00e9es comme d\u00e9crit dans cette Politique de Confidentialit\u00e9. Nous pouvons \u00eatre amen\u00e9s \u00e0 conserver certaines<\/span><br \/><span style=\"font-family: helvetica, arial, sans-serif;\">informations pendant des p\u00e9riodes plus longues pour des raisons l\u00e9gales ou pour d&#8217;autres raisons l\u00e9gitimes,<\/span><br \/><span style=\"font-family: helvetica, arial, sans-serif;\">comme le respect des droits l\u00e9gaux, la pr\u00e9vention de la fraude, etc. Les informations anonymes r\u00e9siduelles<\/span><br \/><span style=\"font-family: helvetica, arial, sans-serif;\">et les informations agr\u00e9g\u00e9es, qui ne permettent pas de vous identifier (directement ou indirectement), peuvent \u00eatre<\/span><br \/><span style=\"font-family: helvetica, arial, sans-serif;\">conserv\u00e9es ind\u00e9finiment.<\/span><\/p><\/li><li><h2 class=\"privacy-policy-h2\"><span style=\"font-family: helvetica, arial, sans-serif;\">Vos droits :<\/span><\/h2><p class=\"privacy-policy-p\"><span style=\"font-family: helvetica, arial, sans-serif;\">En fonction des lois applicables, vous pouvez avoir le droit d&#8217;acc\u00e9der \u00e0 vos<\/span><br \/><span style=\"font-family: helvetica, arial, sans-serif;\">donn\u00e9es personnelles, de les rectifier ou de les effacer, ou de recevoir une copie de vos<\/span><br \/><span style=\"font-family: helvetica, arial, sans-serif;\">donn\u00e9es personnelles, de restreindre ou de vous opposer au traitement actif de vos donn\u00e9es,<\/span><br \/><span style=\"font-family: helvetica, arial, sans-serif;\">de nous demander de partager (porter) vos informations personnelles \u00e0 une autre entit\u00e9,<\/span><br \/><span style=\"font-family: helvetica, arial, sans-serif;\">de retirer tout consentement que vous nous avez donn\u00e9 pour traiter vos donn\u00e9es, de d\u00e9poser une plainte<\/span><br \/><span style=\"font-family: helvetica, arial, sans-serif;\">aupr\u00e8s d&#8217;une autorit\u00e9 statutaire et d&#8217;autres droits pertinents en vertu des lois applicables. Pour<\/span><br \/><span style=\"font-family: helvetica, arial, sans-serif;\">exercer ces droits, vous pouvez nous \u00e9crire \u00e0 contact@aircab.paris.<\/span><br \/><span style=\"font-family: helvetica, arial, sans-serif;\">Nous r\u00e9pondrons \u00e0 votre demande conform\u00e9ment \u00e0 la loi applicable.<\/span><\/p><p class=\"privacy-policy-p\"><span style=\"font-family: helvetica, arial, sans-serif;\">Veuillez noter que si vous ne nous autorisez pas \u00e0 collecter<\/span><br \/><span style=\"font-family: helvetica, arial, sans-serif;\">ou \u00e0 traiter les informations personnelles n\u00e9cessaires ou si vous retirez votre consentement pour les<\/span><br \/><span style=\"font-family: helvetica, arial, sans-serif;\">traiter aux fins n\u00e9cessaires, vous ne pourrez peut-\u00eatre pas acc\u00e9der<\/span><br \/><span style=\"font-family: helvetica, arial, sans-serif;\">ou utiliser les services pour lesquels vos informations \u00e9taient sollicit\u00e9es.<\/span><\/p><\/li><li><h2 class=\"privacy-policy-h2\"><span style=\"font-family: helvetica, arial, sans-serif;\">Cookies, etc.<\/span><\/h2><p class=\"privacy-policy-p\"><span style=\"font-family: helvetica, arial, sans-serif;\">Pour en savoir plus sur la fa\u00e7on dont nous utilisons ces technologies<\/span><br \/><span style=\"font-family: helvetica, arial, sans-serif;\">de suivi et sur vos choix \u00e0 leur \u00e9gard, veuillez consulter notre<\/span><br \/><span style=\"font-family: helvetica, arial, sans-serif;\"><a href=\"https:\/\/www.aircab.paris\">Politique de Cookies<\/a>.<\/span><\/p><\/li><li><h2 class=\"privacy-policy-h2\"><span style=\"font-family: helvetica, arial, sans-serif;\">S\u00e9curit\u00e9 :<\/span><\/h2><p class=\"privacy-policy-p\"><span style=\"font-family: helvetica, arial, sans-serif;\">La s\u00e9curit\u00e9 de vos informations est importante pour<\/span><br \/><span style=\"font-family: helvetica, arial, sans-serif;\">nous, et nous utiliserons des mesures de s\u00e9curit\u00e9 raisonnables<\/span><br \/><span style=\"font-family: helvetica, arial, sans-serif;\">pour pr\u00e9venir la perte, l&#8217;utilisation abusive ou la modification non autoris\u00e9e de vos informations sous notre<\/span><br \/><span style=\"font-family: helvetica, arial, sans-serif;\">contr\u00f4le. Cependant, en raison des risques inh\u00e9rents, nous ne pouvons pas garantir une s\u00e9curit\u00e9 absolue et<\/span><br \/><span style=\"font-family: helvetica, arial, sans-serif;\">par cons\u00e9quent, nous ne pouvons pas assurer ou garantir la s\u00e9curit\u00e9 des informations que vous nous transmettez,<\/span><br \/><span style=\"font-family: helvetica, arial, sans-serif;\">et vous le faites \u00e0 vos propres risques.<\/span><\/p><\/li><li><h2 class=\"privacy-policy-h2\"><span style=\"font-family: helvetica, arial, sans-serif;\">Liens tiers et utilisation de vos informations :<\/span><\/h2><p class=\"privacy-policy-p\"><span style=\"font-family: helvetica, arial, sans-serif;\">Notre Service peut contenir des liens vers d&#8217;autres sites web<\/span><br \/><span style=\"font-family: helvetica, arial, sans-serif;\">qui ne sont pas exploit\u00e9s par nous. Cette Politique de Confidentialit\u00e9<\/span><br \/><span style=\"font-family: helvetica, arial, sans-serif;\">ne s&#8217;applique pas aux pratiques des tiers, y compris ceux op\u00e9rant des<\/span><br \/><span style=\"font-family: helvetica, arial, sans-serif;\">sites web ou services accessibles via un lien sur le Service.<\/span><br \/><span style=\"font-family: helvetica, arial, sans-serif;\">Nous vous conseillons fortement de consulter la politique de confidentialit\u00e9<\/span><br \/><span style=\"font-family: helvetica, arial, sans-serif;\">de chaque site que vous visitez. Nous n&#8217;avons aucun contr\u00f4le et n&#8217;assumons aucune responsabilit\u00e9<\/span><br \/><span style=\"font-family: helvetica, arial, sans-serif;\">pour le contenu, les politiques de confidentialit\u00e9 ou les pratiques des sites ou services tiers.<\/span><\/p><\/li><li><h2 class=\"privacy-policy-h2\"><span style=\"font-family: helvetica, arial, sans-serif;\">D\u00e9l\u00e9gu\u00e9 \u00e0 la Protection des Donn\u00e9es (DPD) \/ Responsable des plaintes :<\/span><\/h2><p class=\"privacy-policy-p\"><span style=\"font-family: helvetica, arial, sans-serif;\">Si vous avez des questions ou des pr\u00e9occupations concernant le<\/span><br \/><span style=\"font-family: helvetica, arial, sans-serif;\">traitement de vos informations en notre possession, vous pouvez envoyer un e-mail \u00e0<\/span><br \/><span style=\"font-family: helvetica, arial, sans-serif;\">notre Responsable des Plaintes \u00e0 AirCab SAS,<\/span><br \/><span style=\"font-family: helvetica, arial, sans-serif;\">229 rue Saint Honor\u00e9,<\/span><br \/><span style=\"font-family: helvetica, arial, sans-serif;\">email : contact@aircab.paris.<\/span><br \/><span style=\"font-family: helvetica, arial, sans-serif;\">Nous traiterons vos pr\u00e9occupations conform\u00e9ment \u00e0 la loi applicable.<\/span><\/p><\/li><\/ol><p class=\"privacy-policy-p\"><span style=\"font-family: helvetica, arial, sans-serif;\">Politique de Confidentialit\u00e9 g\u00e9n\u00e9r\u00e9e avec <a href=\"https:\/\/www.cookieyes.com\/?utm_source=PP&amp;utm_medium=footer&amp;utm_campaign=UW\" target=\"_blank\" rel=\"noopener noreferrer nofollow\">CookieYes<\/a>.<\/span><\/p>\t\t\t\t\t\t\t\t<\/div>\n\t\t\t\t<\/div>\n\t\t\t\t\t<\/div>\n\t\t<\/div>\n\t\t\t\t\t<\/div>\n\t\t<\/section>\n\t\t\t\t<\/div>\n\t\t","protected":false},"excerpt":{"rendered":"<p>Politique de Confidentialit\u00e9 Derni\u00e8re mise \u00e0 jour le 14-Sep-2024 Date d&#8217;entr\u00e9e en vigueur 14-Sep-2024 Cette politique de confidentialit\u00e9 d\u00e9crit les politiques de AirCab SAS,229 rue Saint Honor\u00e9,Paris75001,France,email : contact@aircab.paris,t\u00e9l\u00e9phone : +33184607400 concernant la collecte, l&#8217;utilisation et la divulgation de vos informations que nous recueillons lorsque vous utilisez notre site web ( https:\/\/www.aircab.paris ).(le \u00ab Service [&hellip;]<\/p>\n","protected":false},"author":2,"featured_media":0,"parent":24008,"menu_order":0,"comment_status":"closed","ping_status":"closed","template":"","meta":{"site-sidebar-layout":"no-sidebar","site-content-layout":"page-builder","ast-site-content-layout":"full-width-container","site-content-style":"unboxed","site-sidebar-style":"unboxed","ast-global-header-display":"","ast-banner-title-visibility":"","ast-main-header-display":"","ast-hfb-above-header-display":"","ast-hfb-below-header-display":"","ast-hfb-mobile-header-display":"","site-post-title":"disabled","ast-breadcrumbs-content":"","ast-featured-img":"","footer-sml-layout":"","ast-disable-related-posts":"","theme-transparent-header-meta":"default","adv-header-id-meta":"","stick-header-meta":"default","header-above-stick-meta":"","header-main-stick-meta":"","header-below-stick-meta":"","astra-migrate-meta-layouts":"set","ast-page-background-enabled":"default","ast-page-background-meta":{"desktop":{"background-color":"","background-image":"","background-repeat":"repeat","background-position":"center center","background-size":"auto","background-attachment":"scroll","background-type":"","background-media":"","overlay-type":"","overlay-color":"","overlay-opacity":"","overlay-gradient":""},"tablet":{"background-color":"","background-image":"","background-repeat":"repeat","background-position":"center center","background-size":"auto","background-attachment":"scroll","background-type":"","background-media":"","overlay-type":"","overlay-color":"","overlay-opacity":"","overlay-gradient":""},"mobile":{"background-color":"","background-image":"","background-repeat":"repeat","background-position":"center center","background-size":"auto","background-attachment":"scroll","background-type":"","background-media":"","overlay-type":"","overlay-color":"","overlay-opacity":"","overlay-gradient":""}},"ast-content-background-meta":{"desktop":{"background-color":"var(--ast-global-color-5)","background-image":"","background-repeat":"repeat","background-position":"center center","background-size":"auto","background-attachment":"scroll","background-type":"","background-media":"","overlay-type":"","overlay-color":"","overlay-opacity":"","overlay-gradient":""},"tablet":{"background-color":"var(--ast-global-color-5)","background-image":"","background-repeat":"repeat","background-position":"center center","background-size":"auto","background-attachment":"scroll","background-type":"","background-media":"","overlay-type":"","overlay-color":"","overlay-opacity":"","overlay-gradient":""},"mobile":{"background-color":"var(--ast-global-color-5)","background-image":"","background-repeat":"repeat","background-position":"center center","background-size":"auto","background-attachment":"scroll","background-type":"","background-media":"","overlay-type":"","overlay-color":"","overlay-opacity":"","overlay-gradient":""}},"footnotes":""},"wf_page_folders":[2318],"class_list":["post-3","page","type-page","status-publish","hentry"],"_links":{"self":[{"href":"https:\/\/www.aircab.paris\/en\/wp-json\/wp\/v2\/pages\/3","targetHints":{"allow":["GET"]}}],"collection":[{"href":"https:\/\/www.aircab.paris\/en\/wp-json\/wp\/v2\/pages"}],"about":[{"href":"https:\/\/www.aircab.paris\/en\/wp-json\/wp\/v2\/types\/page"}],"author":[{"embeddable":true,"href":"https:\/\/www.aircab.paris\/en\/wp-json\/wp\/v2\/users\/2"}],"replies":[{"embeddable":true,"href":"https:\/\/www.aircab.paris\/en\/wp-json\/wp\/v2\/comments?post=3"}],"version-history":[{"count":0,"href":"https:\/\/www.aircab.paris\/en\/wp-json\/wp\/v2\/pages\/3\/revisions"}],"up":[{"embeddable":true,"href":"https:\/\/www.aircab.paris\/en\/wp-json\/wp\/v2\/pages\/24008"}],"wp:attachment":[{"href":"https:\/\/www.aircab.paris\/en\/wp-json\/wp\/v2\/media?parent=3"}],"wp:term":[{"taxonomy":"wf_page_folders","embeddable":true,"href":"https:\/\/www.aircab.paris\/en\/wp-json\/wp\/v2\/wf_page_folders?post=3"}],"curies":[{"name":"wp","href":"https:\/\/api.w.org\/{rel}","templated":true}]}}